{"id":108,"date":"2020-04-12T15:24:13","date_gmt":"2020-04-12T13:24:13","guid":{"rendered":"https:\/\/o.gabathuler.fr\/poesie\/?page_id=108"},"modified":"2020-04-12T16:01:11","modified_gmt":"2020-04-12T14:01:11","slug":"a-propos-2","status":"publish","type":"page","link":"https:\/\/o.gabathuler.fr\/poesie\/","title":{"rendered":"A propos"},"content":{"rendered":"\n<p class=\"has-text-color has-vivid-purple-color\">Des po\u00e8mes \u00e9crits au fil du temps, des saisons, des \u00e9v\u00e9nements, de la vie, de nos vies, class\u00e9s en trois cat\u00e9gories : tout public, public averti et audience adulte. Bonne lecture !<\/p>\n\n\n\n<figure class=\"wp-block-image size-large\"><img loading=\"lazy\" decoding=\"async\" width=\"1024\" height=\"683\" src=\"https:\/\/o.gabathuler.fr\/poesie\/wp-content\/uploads\/2020\/04\/DSC_7584.24x36-1024x683.jpg\" alt=\"\" class=\"wp-image-109\" srcset=\"https:\/\/o.gabathuler.fr\/poesie\/wp-content\/uploads\/2020\/04\/DSC_7584.24x36-1024x683.jpg 1024w, https:\/\/o.gabathuler.fr\/poesie\/wp-content\/uploads\/2020\/04\/DSC_7584.24x36-300x200.jpg 300w, https:\/\/o.gabathuler.fr\/poesie\/wp-content\/uploads\/2020\/04\/DSC_7584.24x36-768x512.jpg 768w, https:\/\/o.gabathuler.fr\/poesie\/wp-content\/uploads\/2020\/04\/DSC_7584.24x36-1536x1025.jpg 1536w, https:\/\/o.gabathuler.fr\/poesie\/wp-content\/uploads\/2020\/04\/DSC_7584.24x36-2048x1366.jpg 2048w, https:\/\/o.gabathuler.fr\/poesie\/wp-content\/uploads\/2020\/04\/DSC_7584.24x36-1320x880.jpg 1320w\" sizes=\"auto, (max-width: 767px) 89vw, (max-width: 1000px) 54vw, (max-width: 1071px) 543px, 580px\" \/><\/figure>\n","protected":false},"excerpt":{"rendered":"<p>Des po\u00e8mes \u00e9crits au fil du temps, des saisons, des \u00e9v\u00e9nements, de la vie, de nos vies, class\u00e9s en trois cat\u00e9gories : tout public, public averti et audience adulte. Bonne lecture !<\/p>\n","protected":false},"author":2,"featured_media":0,"parent":0,"menu_order":0,"comment_status":"closed","ping_status":"closed","template":"","meta":{"footnotes":""},"class_list":["post-108","page","type-page","status-publish","hentry"],"_links":{"self":[{"href":"https:\/\/o.gabathuler.fr\/poesie\/index.php?rest_route=\/wp\/v2\/pages\/108","targetHints":{"allow":["GET"]}}],"collection":[{"href":"https:\/\/o.gabathuler.fr\/poesie\/index.php?rest_route=\/wp\/v2\/pages"}],"about":[{"href":"https:\/\/o.gabathuler.fr\/poesie\/index.php?rest_route=\/wp\/v2\/types\/page"}],"author":[{"embeddable":true,"href":"https:\/\/o.gabathuler.fr\/poesie\/index.php?rest_route=\/wp\/v2\/users\/2"}],"replies":[{"embeddable":true,"href":"https:\/\/o.gabathuler.fr\/poesie\/index.php?rest_route=%2Fwp%2Fv2%2Fcomments&post=108"}],"version-history":[{"count":3,"href":"https:\/\/o.gabathuler.fr\/poesie\/index.php?rest_route=\/wp\/v2\/pages\/108\/revisions"}],"predecessor-version":[{"id":121,"href":"https:\/\/o.gabathuler.fr\/poesie\/index.php?rest_route=\/wp\/v2\/pages\/108\/revisions\/121"}],"wp:attachment":[{"href":"https:\/\/o.gabathuler.fr\/poesie\/index.php?rest_route=%2Fwp%2Fv2%2Fmedia&parent=108"}],"curies":[{"name":"wp","href":"https:\/\/api.w.org\/{rel}","templated":true}]}}